{"id":28,"date":"2019-10-31T13:30:25","date_gmt":"2019-10-31T13:30:25","guid":{"rendered":"http:\/\/cnirs.vet.bg.ac.rs\/?page_id=28"},"modified":"2021-10-25T14:59:01","modified_gmt":"2021-10-25T14:59:01","slug":"o-nama","status":"publish","type":"page","link":"http:\/\/cnirs.vet.bg.ac.rs\/","title":{"rendered":"CNIRS"},"content":{"rendered":"<p><strong>Centar za nau\u010dno-istra\u017eiva\u010dki rad studenata \u2013 CNIRS<\/strong><\/p>\n<p>CNIRS je udru\u017eenje osnovano u okviru Studentskog parlamenta kako bi se popularizovao nau\u010dno-istra\u017eiva\u010dki rad studenata. Ideju o osnivanju ovog udru\u017eenja podstakla je \u010dinjenica da se ve\u0107 pedeset \u010detiri godine odr\u017eava \u041aongres biomedicinskih nauka Srbije, na kojem studenti fakulteta medicinskih grupacija prezentuju svoje nau\u010dno-istra\u017eiva\u010dke radove. Na na\u0161em fakultetu u okviru katedri postoji veliki broj laboratorija koje su dobro opremljene, pored toga velika je zainteresovanost profesora da uklju\u010de studente u nau\u010dno-istra\u017eiva\u010dki rad.<\/p>\n<p>Svake godine organizuje se \u041aonkurs za prijavu radova. Studenti mogu odabrati neku od tema ponu\u0111enih konkursom, ili u dogovoru sa profesorima \u2013 mentorima rada prijaviti rezervisanu temu iz oblasti u kojoj bi radili istra\u017eivanje. Pravo u\u010de\u0161\u0107a imaju svi studenti druge ili starijih godina osnovnih studija i mogu raditi rad iz predmeta koji su odslu\u0161ali ili polo\u017eili. \u041aongresu biomedicinskih nauka Srbije prethodi organizacija Mini-kongresa na kojem studenti prezentuju svoje radove, a tro\u010dlana komisija koju predstavljaju profesori ih ocenjuje. Najbolje ocenjeni radovi predstavljau na\u0161 fakultet na \u041aongresu biomedicinskih nauka.<\/p>\n<p>Studenti Fakulteta veterinarske medicine u Beogradu su se prvi put predstavili sa svojim radovima na 52. \u041aongresu studenata biomedicinkih nauka Srbije sa me\u0111unarodnim u\u010de\u0161\u0107em u Budvi 2011. godine. Prezentovano je \u0161esnaest radova u okviru sesije \u201eVeterinarska medicina\u201c. Ova nova sesija je tada i prvi put organizovana. Ve\u0107 naredne godine, na \u041aongresu koji je odr\u017ean na \u041aopaoniku, studenti na\u0161eg fakulteta su uspe\u0161no prezentovali svoje radove. Polako ova organizacija postaje tradicija.<\/p>\n<h4><strong><em>Centar za nau\u010dno istra\u017eiva\u010dki rad studenata<\/em><br \/>\n<\/strong><strong><em>Fakulteta veterinarske medicine<\/em><br \/>\n<em>Univerziteta u Beogradu<\/em><br \/>\n<em>Bulevar oslobo\u0111enja 18<\/em><br \/>\n<em>11000 Beograd<\/em><br \/>\n<em>Republika Srbija<br \/>\nEmail: cnirs@vet.bg.ac.rs<\/em><\/strong><\/h4>\n<p>&nbsp;<\/p>\n","protected":false},"excerpt":{"rendered":"<p>Centar za nau\u010dno-istra\u017eiva\u010dki rad studenata \u2013 CNIRS CNIRS je udru\u017eenje osnovano u okviru Studentskog parlamenta kako bi se popularizovao nau\u010dno-istra\u017eiva\u010dki rad studenata. Ideju o osnivanju ovog udru\u017eenja podstakla je \u010dinjenica da se ve\u0107 pedeset \u010detiri godine odr\u017eava \u041aongres biomedicinskih nauka Srbije, na kojem studenti fakulteta medicinskih grupacija prezentuju svoje nau\u010dno-istra\u017eiva\u010dke radove. Na na\u0161em fakultetu u &hellip; <a href=\"http:\/\/cnirs.vet.bg.ac.rs\/\" class=\"more-link\">Continue reading<span class=\"screen-reader-text\"> &#8220;CNIRS&#8221;<\/span><\/a><\/p>\n","protected":false},"author":1,"featured_media":0,"parent":0,"menu_order":0,"comment_status":"closed","ping_status":"closed","template":"","meta":{"footnotes":""},"_links":{"self":[{"href":"http:\/\/cnirs.vet.bg.ac.rs\/index.php\/wp-json\/wp\/v2\/pages\/28"}],"collection":[{"href":"http:\/\/cnirs.vet.bg.ac.rs\/index.php\/wp-json\/wp\/v2\/pages"}],"about":[{"href":"http:\/\/cnirs.vet.bg.ac.rs\/index.php\/wp-json\/wp\/v2\/types\/page"}],"author":[{"embeddable":true,"href":"http:\/\/cnirs.vet.bg.ac.rs\/index.php\/wp-json\/wp\/v2\/users\/1"}],"replies":[{"embeddable":true,"href":"http:\/\/cnirs.vet.bg.ac.rs\/index.php\/wp-json\/wp\/v2\/comments?post=28"}],"version-history":[{"count":0,"href":"http:\/\/cnirs.vet.bg.ac.rs\/index.php\/wp-json\/wp\/v2\/pages\/28\/revisions"}],"wp:attachment":[{"href":"http:\/\/cnirs.vet.bg.ac.rs\/index.php\/wp-json\/wp\/v2\/media?parent=28"}],"curies":[{"name":"wp","href":"https:\/\/api.w.org\/{rel}","templated":true}]}}