{"id":50,"date":"2019-10-31T13:43:17","date_gmt":"2019-10-31T13:43:17","guid":{"rendered":"http:\/\/cnirs.vet.bg.ac.rs\/?page_id=50"},"modified":"2023-10-18T12:30:54","modified_gmt":"2023-10-18T12:30:54","slug":"clanovi","status":"publish","type":"page","link":"http:\/\/cnirs.vet.bg.ac.rs\/index.php\/clanovi\/","title":{"rendered":"\u010cLANOVI"},"content":{"rendered":"<h4><\/h4>\n<h4>Aleksa Mijatovi\u0107<br \/>\nPredsednik\u00a0Centra\u00a0za\u00a0nau\u010dno\u00a0istra\u017eiva\u010dki\u00a0rad\u00a0studenata<br \/>\nFakulteta\u00a0veterinarske\u00a0medicine<br \/>\nBulevar\u00a0oslobo\u0111enja\u00a018<\/h4>\n<h4>11000\u00a0Beograd<br \/>\nTel:+381(0)11\/361-54-36\u00a0 \u00a0+381(0)11\/367-10-30<\/h4>\n<h4>+381 65-85-61-263<\/h4>\n<h4>Jelena Jugovi\u0107 &#8211; \u010dlan<\/h4>\n<h4>Jelena Vu\u010dkovi\u0107 &#8211; \u010dlan<\/h4>\n<h4>e-mail:\u00a0<a href=\"mailto:cnirs@vet.bg.ac.rs\">cnirs@vet.bg.ac.rs<\/a><\/h4>\n","protected":false},"excerpt":{"rendered":"<p>Aleksa Mijatovi\u0107 Predsednik\u00a0Centra\u00a0za\u00a0nau\u010dno\u00a0istra\u017eiva\u010dki\u00a0rad\u00a0studenata Fakulteta\u00a0veterinarske\u00a0medicine Bulevar\u00a0oslobo\u0111enja\u00a018 11000\u00a0Beograd Tel:+381(0)11\/361-54-36\u00a0 \u00a0+381(0)11\/367-10-30 +381 65-85-61-263 Jelena Jugovi\u0107 &#8211; \u010dlan Jelena Vu\u010dkovi\u0107 &#8211; \u010dlan e-mail:\u00a0cnirs@vet.bg.ac.rs<\/p>\n","protected":false},"author":1,"featured_media":0,"parent":0,"menu_order":0,"comment_status":"closed","ping_status":"closed","template":"","meta":{"footnotes":""},"_links":{"self":[{"href":"http:\/\/cnirs.vet.bg.ac.rs\/index.php\/wp-json\/wp\/v2\/pages\/50"}],"collection":[{"href":"http:\/\/cnirs.vet.bg.ac.rs\/index.php\/wp-json\/wp\/v2\/pages"}],"about":[{"href":"http:\/\/cnirs.vet.bg.ac.rs\/index.php\/wp-json\/wp\/v2\/types\/page"}],"author":[{"embeddable":true,"href":"http:\/\/cnirs.vet.bg.ac.rs\/index.php\/wp-json\/wp\/v2\/users\/1"}],"replies":[{"embeddable":true,"href":"http:\/\/cnirs.vet.bg.ac.rs\/index.php\/wp-json\/wp\/v2\/comments?post=50"}],"version-history":[{"count":0,"href":"http:\/\/cnirs.vet.bg.ac.rs\/index.php\/wp-json\/wp\/v2\/pages\/50\/revisions"}],"wp:attachment":[{"href":"http:\/\/cnirs.vet.bg.ac.rs\/index.php\/wp-json\/wp\/v2\/media?parent=50"}],"curies":[{"name":"wp","href":"https:\/\/api.w.org\/{rel}","templated":true}]}}