{"id":152,"date":"2019-11-04T12:55:31","date_gmt":"2019-11-04T12:55:31","guid":{"rendered":"http:\/\/cnirs.vet.bg.ac.rs\/?page_id=152"},"modified":"2024-02-13T20:04:30","modified_gmt":"2024-02-13T20:04:30","slug":"obavestenja","status":"publish","type":"page","link":"https:\/\/cnirs.vet.bg.ac.rs\/index.php\/obavestenja\/","title":{"rendered":"OBAVE\u0160TENJA"},"content":{"rendered":"<p>VA\u017dNO OBAVE\u0160TENJE: <strong>Rok za predaju<\/strong> radova za ovogodi\u0161nji Mini-Kongres je <em><span style=\"color: #ff0000;\"><strong>utorak 20. februar 2024. <\/strong><\/span><\/em>!<\/p>\n<p>&nbsp;<\/p>\n<p><a href=\"http:\/\/cnirs.vet.bg.ac.rs\/wp-content\/uploads\/Konkurs-2023-2024.pdf\">Konkurs 2023-2024<\/a><\/p>\n<p><strong><a href=\"http:\/\/cnirs.vet.bg.ac.rs\/wp-content\/uploads\/Konkurs-2022-2023-1.pdf\">Konkurs 2022-2023<\/a><\/strong><\/p>\n<p><strong>61. Kongres biomedicinskih nauka sa internacionalnim u\u010de\u0161\u0107em<\/strong><\/p>\n<p>Na Kongresu je u\u010destvovalo na\u0161ih 9 studenata od kojih su 4\u00a0 osvojili prva mesta na svojim sesijama.<\/p>\n<p>Pobednici sesija:<\/p>\n<p>Aleksandar Nik\u0161i\u0107 &#8211; Radiologija<\/p>\n<p>Dunja Videnovi\u0107- Op\u0161te obrazovni predmeti i medicina rada<\/p>\n<p>Stefan Radosavljevi\u0107-Mikrobiologija<\/p>\n<p>Silvana Daji\u0107- Histologija<\/p>\n<p>&nbsp;<\/p>\n<p>NOVO: Univerzitet u Beogradu je objavio Konkurs za najbolji nau\u010dno-istra\u017eiva\u010dki i stru\u010dni rad studenata u 2021. godini. Tekst Konkursa je u prilogu. Pozivaju se studenti integrisanih studija na\u0161eg Fakulteta da se, kao i ranijih godina, odazovu na ovaj Konkurs u \u0161to ve\u0107em broju.<\/p>\n<p><a href=\"http:\/\/cnirs.vet.bg.ac.rs\/wp-content\/uploads\/konkurs-za-RAD-2021-FVM.doc\">konkurs za RAD 2021 FVM<\/a><\/p>\n<p><a href=\"http:\/\/cnirs.vet.bg.ac.rs\/wp-content\/uploads\/Seminar-Metodologija-2021-2.docx\">Seminar: Metodologija pisanja nau\u010dnih radova 2021<\/a><\/p>\n<p>Studenti koji prvi put ove godine pi\u0161u nau\u010dni rad u obavezi su da slu\u0161aju online predavanje, koje \u0107e biti odr\u017eano u petak 19.11.2021. godine<\/p>\n<p><a href=\"http:\/\/cnirs.vet.bg.ac.rs\/wp-content\/uploads\/Obave\u0161tenje-za-osloba\u0111anje-od-diplomskog.docx\">Obave\u0161tenje za osloba\u0111anje od diplomskog<\/a><\/p>\n<p><strong>Prvo predavanje sa seminara (materijal):<\/strong><\/p>\n<p>1.Kako napisati nau\u010dni rad 2021.<\/p>\n<p>https:\/\/www.filemail.com\/d\/ehnmmzlcamrsyda<\/p>\n<p>1) <a href=\"http:\/\/cnirs.vet.bg.ac.rs\/wp-content\/uploads\/VETWritingforPubPDF-1.pdf\">Writing for Publication in Veterinary Medicine<\/a><br \/>\n2) <a href=\"http:\/\/cnirs.vet.bg.ac.rs\/wp-content\/uploads\/Kako_napisati_naucni_rad.pdf\">Kako napisati nau\u010dni rad 2020.<\/a><\/p>\n<section id=\"addresses\" class=\"minor\"><\/section>\n<p><strong>Drugo predavanje sa seminara (materijal):<\/strong><\/p>\n<p><strong>1)Etika i moral u pisanju nau\u010dno-istra\u017eiva\u010dkog rada &#8211; plagijatorstvo i duplikati 2021.<\/strong><\/p>\n<p><a href=\"https:\/\/www.dropbox.com\/s\/6ihxmga4miylg83\/Plagijarizam.avi?dl=0\"><strong> https:\/\/www.dropbox.com\/s\/6ihxmga4miylg83\/Plagijarizam.avi?dl=0\u00a0<\/strong><\/a><\/p>\n<p>2) <a href=\"http:\/\/cnirs.vet.bg.ac.rs\/wp-content\/uploads\/Etika-i-moral.pptx\">Etika i moral 2020.<\/a><\/p>\n<p><strong>Trece predavanje sa seminara(materijal):<br \/>\n<\/strong>1) <a href=\"http:\/\/cnirs.vet.bg.ac.rs\/wp-content\/uploads\/Statistika-CNIRS.pdf\">Statistika CNIRS 2020.<\/a><br \/>\n2) <a href=\"http:\/\/biologija.vet.bg.ac.rs\/molekularno-geneticke-metode-u-veterinarskoj-medicini\/\">Molekularno-geneti\u010dke metode u veterinarskoj medicini<\/a><\/p>\n<p>&nbsp;<\/p>\n","protected":false},"excerpt":{"rendered":"<p>VA\u017dNO OBAVE\u0160TENJE: Rok za predaju radova za ovogodi\u0161nji Mini-Kongres je utorak 20. februar 2024. ! &nbsp; Konkurs 2023-2024 Konkurs 2022-2023 61. Kongres biomedicinskih nauka sa internacionalnim u\u010de\u0161\u0107em Na Kongresu je u\u010destvovalo na\u0161ih 9 studenata od kojih su 4\u00a0 osvojili prva mesta na svojim sesijama. Pobednici sesija: Aleksandar Nik\u0161i\u0107 &#8211; Radiologija Dunja Videnovi\u0107- Op\u0161te obrazovni predmeti &hellip; <a href=\"https:\/\/cnirs.vet.bg.ac.rs\/index.php\/obavestenja\/\" class=\"more-link\">Continue reading<span class=\"screen-reader-text\"> &#8220;OBAVE\u0160TENJA&#8221;<\/span><\/a><\/p>\n","protected":false},"author":1,"featured_media":0,"parent":0,"menu_order":0,"comment_status":"closed","ping_status":"closed","template":"","meta":{"footnotes":""},"_links":{"self":[{"href":"https:\/\/cnirs.vet.bg.ac.rs\/index.php\/wp-json\/wp\/v2\/pages\/152"}],"collection":[{"href":"https:\/\/cnirs.vet.bg.ac.rs\/index.php\/wp-json\/wp\/v2\/pages"}],"about":[{"href":"https:\/\/cnirs.vet.bg.ac.rs\/index.php\/wp-json\/wp\/v2\/types\/page"}],"author":[{"embeddable":true,"href":"https:\/\/cnirs.vet.bg.ac.rs\/index.php\/wp-json\/wp\/v2\/users\/1"}],"replies":[{"embeddable":true,"href":"https:\/\/cnirs.vet.bg.ac.rs\/index.php\/wp-json\/wp\/v2\/comments?post=152"}],"version-history":[{"count":0,"href":"https:\/\/cnirs.vet.bg.ac.rs\/index.php\/wp-json\/wp\/v2\/pages\/152\/revisions"}],"wp:attachment":[{"href":"https:\/\/cnirs.vet.bg.ac.rs\/index.php\/wp-json\/wp\/v2\/media?parent=152"}],"curies":[{"name":"wp","href":"https:\/\/api.w.org\/{rel}","templated":true}]}}